{"id":113,"date":"2024-07-03T11:22:29","date_gmt":"2024-07-03T09:22:29","guid":{"rendered":"http:\/\/elevadoresmaritimos.com.br\/?page_id=113"},"modified":"2024-07-03T11:22:32","modified_gmt":"2024-07-03T09:22:32","slug":"contact-us","status":"publish","type":"page","link":"http:\/\/elevadoresmaritimos.com.br\/en_us\/contact-us","title":{"rendered":"Contact Us"},"content":{"rendered":"<p>[et_pb_section fb_built=&#8221;1&#8243; fullwidth=&#8221;on&#8221; admin_label=&#8221;section&#8221; _builder_version=&#8221;4.16&#8243; global_colors_info=&#8221;{}&#8221; theme_builder_area=&#8221;post_content&#8221;][et_pb_fullwidth_map address=&#8221;Calle Nabucco, 2, 2,13, 29006 M\u00e1laga, Espa\u00f1a&#8221; zoom_level=&#8221;3&#8243; address_lat=&#8221;10.088216901343&#8243; address_lng=&#8221;-2.990498193232&#8243; admin_label=&#8221;Fullwidth Map&#8221; _builder_version=&#8221;4.25.2&#8243; global_colors_info=&#8221;{}&#8221; theme_builder_area=&#8221;post_content&#8221;][et_pb_map_pin title=&#8221;Zener Marine Elevator Services S.L. Comercial Office&#8221; pin_address=&#8221;Calle Nabucco, 2, 2,13, 29006 M\u00e1laga, Espa\u00f1a&#8221; pin_address_lat=&#8221;36.7084225&#8243; pin_address_lng=&#8221;-4.469545799999992&#8243; _builder_version=&#8221;4.25.2&#8243; global_colors_info=&#8221;{}&#8221; theme_builder_area=&#8221;post_content&#8221;]<strong>Address:<\/strong> Nabucco 2, 2 13 29006 &#8211; Malaga &#8211; Spain<\/p>\n<p><strong>Phone:<\/strong> T: +34 951 77 70 79 | M: +34 607 87 85 23<\/p>\n<p><strong>Email:<\/strong> marine@zener.eu<br \/>\n[\/et_pb_map_pin][et_pb_map_pin title=&#8221;Zener Marine Elevator Services S.L. Comercial Office&#8221; pin_address=&#8221;Av\/ Del Estrecho, s\/n Parque Empresarial Bah\u00eda de Algeciras, Pol\u00edgono Industrial La Menacha, 11205 Algeciras, C\u00e1diz, Espa\u00f1a&#8221; zoom_level=&#8221;19&#8243; pin_address_lat=&#8221;36.1614425&#8243; pin_address_lng=&#8221;-5.4641525&#8243; _builder_version=&#8221;4.25.2&#8243; global_colors_info=&#8221;{}&#8221; theme_builder_area=&#8221;post_content&#8221;]<\/p>\n<p><strong>Address:<\/strong> Centro de Negocios Edificio Akmanzor, P.I. La Menacha, Av\/ Del Estreho, s\/n, Parque empresarial Bah\u00eda de algeciras<\/p>\n<p><strong>Phone:<\/strong> T: +34 951 77 70 79 | M: +34 607 87 85 23<\/p>\n<p><strong>Email:<\/strong> marine@zener.eu<\/p>\n<p>[\/et_pb_map_pin][et_pb_map_pin title=&#8221;Zener Marine Elevator Services S.L. Comercial Office&#8221; pin_address=&#8221;R. Dona Luiza Macuco, 156 &#8211; Vila Matias, Santos &#8211; SP, 11015-060, Brasil&#8221; zoom_level=&#8221;1&#8243; pin_address_lat=&#8221;-23.9456163&#8243; pin_address_lng=&#8221;-46.3230556&#8243; _builder_version=&#8221;4.25.2&#8243; global_colors_info=&#8221;{}&#8221; theme_builder_area=&#8221;post_content&#8221;]<\/p>\n<p><strong>Address:<\/strong> Rua Dona Luiza Macuco, 156, Vila Mat\u00edas Santos &#8211; SP11015-060, Brazil<\/p>\n<p><strong>Phone:<\/strong> T: +34 951 77 70 79 | M: +34 607 87 85 23<\/p>\n<p><strong>Email:<\/strong> marine@elevadoresmartitimos.com.br<\/p>\n<p>[\/et_pb_map_pin][\/et_pb_fullwidth_map][\/et_pb_section][et_pb_section fb_built=&#8221;1&#8243; admin_label=&#8221;section&#8221; _builder_version=&#8221;4.16&#8243; global_colors_info=&#8221;{}&#8221; theme_builder_area=&#8221;post_content&#8221;][et_pb_row _builder_version=&#8221;4.25.2&#8243; _module_preset=&#8221;default&#8221; custom_margin=&#8221;|auto|-10px|auto||&#8221; global_colors_info=&#8221;{}&#8221; theme_builder_area=&#8221;post_content&#8221;][et_pb_column type=&#8221;4_4&#8243; _builder_version=&#8221;4.25.2&#8243; _module_preset=&#8221;default&#8221; global_colors_info=&#8221;{}&#8221; theme_builder_area=&#8221;post_content&#8221;][et_pb_text admin_label=&#8221;Text&#8221; _builder_version=&#8221;4.25.2&#8243; background_size=&#8221;initial&#8221; background_position=&#8221;top_left&#8221; background_repeat=&#8221;repeat&#8221; use_border_color=&#8221;off&#8221; global_colors_info=&#8221;{}&#8221; theme_builder_area=&#8221;post_content&#8221;]<\/p>\n<h3>Contact Info<\/h3>\n<p>[\/et_pb_text][\/et_pb_column][\/et_pb_row][et_pb_row column_structure=&#8221;1_2,1_2&#8243; admin_label=&#8221;row&#8221; _builder_version=&#8221;4.16&#8243; background_size=&#8221;initial&#8221; background_position=&#8221;top_left&#8221; background_repeat=&#8221;repeat&#8221; min_height=&#8221;485.9px&#8221; global_colors_info=&#8221;{}&#8221; theme_builder_area=&#8221;post_content&#8221;][et_pb_column type=&#8221;1_2&#8243; _builder_version=&#8221;4.16&#8243; custom_padding=&#8221;|||&#8221; global_colors_info=&#8221;{}&#8221; custom_padding__hover=&#8221;|||&#8221; theme_builder_area=&#8221;post_content&#8221;][et_pb_text admin_label=&#8221;Text&#8221; _builder_version=&#8221;4.25.2&#8243; background_size=&#8221;initial&#8221; background_position=&#8221;top_left&#8221; background_repeat=&#8221;repeat&#8221; use_border_color=&#8221;off&#8221; global_colors_info=&#8221;{}&#8221; theme_builder_area=&#8221;post_content&#8221;]<\/p>\n<p><strong>M\u00c1LAGA (Commercial Office)<br \/><\/strong><\/p>\n<p>Pol\u00edgono industrial Alameda<\/p>\n<p>Nabucco, 2, 2,13, 29006 M\u00e1laga, Spain<\/p>\n<p><strong>Email:<\/strong> marine@zener.eu<\/p>\n<p>[\/et_pb_text][et_pb_text admin_label=&#8221;Text&#8221; _builder_version=&#8221;4.25.2&#8243; background_size=&#8221;initial&#8221; background_position=&#8221;top_left&#8221; background_repeat=&#8221;repeat&#8221; use_border_color=&#8221;off&#8221; global_colors_info=&#8221;{}&#8221; theme_builder_area=&#8221;post_content&#8221;]<\/p>\n<p><strong>BRASIL (Commercial Office)<\/strong><\/p>\n<p>Rua Dona Luiza Macuco, 156<\/p>\n<p>Vila Matias, Santos &#8211; SP, 11015-060, Brazil<\/p>\n<p><strong>Email:<\/strong> marine@elevadoresmaritimos.com.br<\/p>\n<p>[\/et_pb_text][et_pb_text admin_label=&#8221;Text&#8221; _builder_version=&#8221;4.25.2&#8243; background_size=&#8221;initial&#8221; background_position=&#8221;top_left&#8221; background_repeat=&#8221;repeat&#8221; use_border_color=&#8221;off&#8221; global_colors_info=&#8221;{}&#8221; theme_builder_area=&#8221;post_content&#8221;]<\/p>\n<p><strong>VALLADOLID (Headquarters)<\/strong><\/p>\n<p>Pol\u00edgono Industrial San Cristobal<\/p>\n<p>Calle Zanfona, 14<\/p>\n<p>47012 &#8211; Valladolid (Spain)<\/p>\n<p>[\/et_pb_text][\/et_pb_column][et_pb_column type=&#8221;1_2&#8243; _builder_version=&#8221;4.16&#8243; custom_padding=&#8221;|||&#8221; global_colors_info=&#8221;{}&#8221; custom_padding__hover=&#8221;|||&#8221; theme_builder_area=&#8221;post_content&#8221;][et_pb_text admin_label=&#8221;Text&#8221; _builder_version=&#8221;4.25.2&#8243; background_size=&#8221;initial&#8221; background_position=&#8221;top_left&#8221; background_repeat=&#8221;repeat&#8221; use_border_color=&#8221;off&#8221; global_colors_info=&#8221;{}&#8221; theme_builder_area=&#8221;post_content&#8221;]<\/p>\n<p><strong>ALGECIRAS (Commercial Office)<br \/><\/strong><\/p>\n<p>Centro de Negocios Edificio Almanzor<\/p>\n<p>Pol\u00edgono industrial La Menacha<\/p>\n<p>Av\/ Del Estrecho, s\/n<\/p>\n<p>Parque Empresarial Bah\u00eda de Algeciras,<\/p>\n<p>11205 Algeciras, C\u00e1diz (Spain)<\/p>\n<p><strong>Email:<\/strong> marine@zener.eu<\/p>\n<p>[\/et_pb_text][\/et_pb_column][\/et_pb_row][\/et_pb_section]<\/p>\n","protected":false},"excerpt":{"rendered":"<p>Address: Nabucco 2, 2 13 29006 &#8211; Malaga &#8211; Spain Phone: T: +34 951 77 70 79 | M: +34 607 87 85 23 Email: marine@zener.eu Address: Centro de Negocios Edificio Akmanzor, P.I. La Menacha, Av\/ Del Estreho, s\/n, Parque empresarial Bah\u00eda de algeciras Phone: T: +34 951 77 70 79 | M: +34 607 [&hellip;]<\/p>\n","protected":false},"author":1,"featured_media":0,"parent":0,"menu_order":0,"comment_status":"closed","ping_status":"closed","template":"","meta":{"_et_pb_use_builder":"on","_et_pb_old_content":"","_et_gb_content_width":"","footnotes":""},"class_list":["post-113","page","type-page","status-publish","hentry"],"_links":{"self":[{"href":"http:\/\/elevadoresmaritimos.com.br\/en_us\/wp-json\/wp\/v2\/pages\/113","targetHints":{"allow":["GET"]}}],"collection":[{"href":"http:\/\/elevadoresmaritimos.com.br\/en_us\/wp-json\/wp\/v2\/pages"}],"about":[{"href":"http:\/\/elevadoresmaritimos.com.br\/en_us\/wp-json\/wp\/v2\/types\/page"}],"author":[{"embeddable":true,"href":"http:\/\/elevadoresmaritimos.com.br\/en_us\/wp-json\/wp\/v2\/users\/1"}],"replies":[{"embeddable":true,"href":"http:\/\/elevadoresmaritimos.com.br\/en_us\/wp-json\/wp\/v2\/comments?post=113"}],"version-history":[{"count":2,"href":"http:\/\/elevadoresmaritimos.com.br\/en_us\/wp-json\/wp\/v2\/pages\/113\/revisions"}],"predecessor-version":[{"id":116,"href":"http:\/\/elevadoresmaritimos.com.br\/en_us\/wp-json\/wp\/v2\/pages\/113\/revisions\/116"}],"wp:attachment":[{"href":"http:\/\/elevadoresmaritimos.com.br\/en_us\/wp-json\/wp\/v2\/media?parent=113"}],"curies":[{"name":"wp","href":"https:\/\/api.w.org\/{rel}","templated":true}]}}